{"id":92788,"date":"2024-06-12T01:30:54","date_gmt":"2024-06-12T01:30:54","guid":{"rendered":"https:\/\/autodestination.ca\/?page_id=92788"},"modified":"2024-06-12T01:32:21","modified_gmt":"2024-06-12T01:32:21","slug":"credit-application-form","status":"publish","type":"page","link":"https:\/\/autodestination.ca\/fr\/credit-application-form\/","title":{"rendered":"Formulaire de demande de cr\u00e9dit"},"content":{"rendered":"<body>\t\t<div data-elementor-type=\"wp-page\" data-elementor-id=\"92788\" class=\"elementor elementor-92788\">\n\t\t\t\t\t\t<section class=\"elementor-section elementor-top-section elementor-element elementor-element-8684cd7 elementor-section-boxed elementor-section-height-default elementor-section-height-default\" data-id=\"8684cd7\" data-element_type=\"section\" data-e-type=\"section\">\n\t\t\t\t\t\t<div class=\"elementor-container elementor-column-gap-default\">\n\t\t\t\t\t<div class=\"elementor-column elementor-col-16 elementor-top-column elementor-element elementor-element-5980a20\" data-id=\"5980a20\" data-element_type=\"column\" data-e-type=\"column\">\n\t\t\t<div class=\"elementor-widget-wrap\">\n\t\t\t\t\t\t\t<\/div>\n\t\t<\/div>\n\t\t\t\t<div class=\"elementor-column elementor-col-66 elementor-top-column elementor-element elementor-element-7493776\" data-id=\"7493776\" data-element_type=\"column\" data-e-type=\"column\">\n\t\t\t<div class=\"elementor-widget-wrap elementor-element-populated\">\n\t\t\t\t\t\t<div class=\"elementor-element elementor-element-f89e106 elementor-widget elementor-widget-heading\" data-id=\"f89e106\" data-element_type=\"widget\" data-e-type=\"widget\" data-widget_type=\"heading.default\">\n\t\t\t\t<div class=\"elementor-widget-container\">\n\t\t\t\t\t<h2 class=\"elementor-heading-title elementor-size-default\">formulaire de demande de cr\u00e9dit<\/h2>\t\t\t\t<\/div>\n\t\t\t\t<\/div>\n\t\t\t\t<div class=\"elementor-element elementor-element-eab17e5 elementor-widget elementor-widget-shortcode\" data-id=\"eab17e5\" data-element_type=\"widget\" data-e-type=\"widget\" data-widget_type=\"shortcode.default\">\n\t\t\t\t<div class=\"elementor-widget-container\">\n\t\t\t\t\t\t\t<div class=\"elementor-shortcode\">\n<div class=\"wpcf7 no-js\" id=\"wpcf7-f92781-o1\" lang=\"fr-FR\" dir=\"ltr\" data-wpcf7-id=\"92781\">\n<div class=\"screen-reader-response\"><p role=\"status\" aria-live=\"polite\" aria-atomic=\"true\"><\/p> <ul><\/ul><\/div>\n<form action=\"\/fr\/wp-json\/wp\/v2\/pages\/92788#wpcf7-f92781-o1\" method=\"post\" class=\"wpcf7-form init\" aria-label=\"Formulaire de contact\" novalidate=\"novalidate\" data-status=\"init\" data-trp-original-action=\"\/fr\/wp-json\/wp\/v2\/pages\/92788#wpcf7-f92781-o1\">\n<fieldset class=\"hidden-fields-container\"><input type=\"hidden\" name=\"_wpcf7\" value=\"92781\"><input type=\"hidden\" name=\"_wpcf7_version\" value=\"6.1.5\"><input type=\"hidden\" name=\"_wpcf7_locale\" value=\"fr_FR\"><input type=\"hidden\" name=\"_wpcf7_unit_tag\" value=\"wpcf7-f92781-o1\"><input type=\"hidden\" name=\"_wpcf7_container_post\" value=\"0\"><input type=\"hidden\" name=\"_wpcf7_posted_data_hash\" value=\"\">\n<\/fieldset>\n<fieldset>\n    <legend>Renseignements Personnels<\/legend>\n    <label> Pr\u00e9nom\n        <span class=\"wpcf7-form-control-wrap\" data-name=\"first-name\"><input size=\"40\" maxlength=\"400\" class=\"wpcf7-form-control wpcf7-text wpcf7-validates-as-required\" autocomplete=\"given-name\" aria-required=\"true\" aria-invalid=\"false\" value=\"\" type=\"text\" name=\"first-name\"><\/span> <\/label>\n    <label> Nom De Famille\n        <span class=\"wpcf7-form-control-wrap\" data-name=\"last-name\"><input size=\"40\" maxlength=\"400\" class=\"wpcf7-form-control wpcf7-text wpcf7-validates-as-required\" autocomplete=\"family-name\" aria-required=\"true\" aria-invalid=\"false\" value=\"\" type=\"text\" name=\"last-name\"><\/span> <\/label>\n    <label> Date de Naissance\n        <span class=\"wpcf7-form-control-wrap\" data-name=\"dob\"><input class=\"wpcf7-form-control wpcf7-date wpcf7-validates-as-required wpcf7-validates-as-date\" aria-required=\"true\" aria-invalid=\"false\" value=\"\" type=\"date\" name=\"dob\"><\/span> <\/label>\n    <label> Num\u00e9ro De T\u00e9l\u00e9phone\n        <span class=\"wpcf7-form-control-wrap\" data-name=\"phone\"><input size=\"40\" maxlength=\"400\" class=\"wpcf7-form-control wpcf7-tel wpcf7-validates-as-required wpcf7-text wpcf7-validates-as-tel\" autocomplete=\"tel\" aria-required=\"true\" aria-invalid=\"false\" value=\"\" type=\"tel\" name=\"phone\"><\/span> <\/label>\n    <label> Adresse Email\n        <span class=\"wpcf7-form-control-wrap\" data-name=\"email\"><input size=\"40\" maxlength=\"400\" class=\"wpcf7-form-control wpcf7-email wpcf7-validates-as-required wpcf7-text wpcf7-validates-as-email\" autocomplete=\"email\" aria-required=\"true\" aria-invalid=\"false\" value=\"\" type=\"email\" name=\"email\"><\/span> <\/label>\n    <label> L&#039;Adresse De La Rue\n        <span class=\"wpcf7-form-control-wrap\" data-name=\"street-address\"><input size=\"40\" maxlength=\"400\" class=\"wpcf7-form-control wpcf7-text wpcf7-validates-as-required\" autocomplete=\"street-address\" aria-required=\"true\" aria-invalid=\"false\" value=\"\" type=\"text\" name=\"street-address\"><\/span> <\/label>\n    <label> Ville\n        <span class=\"wpcf7-form-control-wrap\" data-name=\"city\"><input size=\"40\" maxlength=\"400\" class=\"wpcf7-form-control wpcf7-text wpcf7-validates-as-required\" autocomplete=\"address-level2\" aria-required=\"true\" aria-invalid=\"false\" value=\"\" type=\"text\" name=\"city\"><\/span> <\/label>\n    <label> \u00c9tat\/Province\n        <span class=\"wpcf7-form-control-wrap\" data-name=\"state\"><input size=\"40\" maxlength=\"400\" class=\"wpcf7-form-control wpcf7-text wpcf7-validates-as-required\" autocomplete=\"address-level1\" aria-required=\"true\" aria-invalid=\"false\" value=\"\" type=\"text\" name=\"state\"><\/span> <\/label>\n    <label> Zip\/Postal Code\n        <span class=\"wpcf7-form-control-wrap\" data-name=\"zip\"><input size=\"40\" maxlength=\"400\" class=\"wpcf7-form-control wpcf7-text wpcf7-validates-as-required\" autocomplete=\"postal-code\" aria-required=\"true\" aria-invalid=\"false\" value=\"\" type=\"text\" name=\"zip\"><\/span> <\/label>\n    <label> Pays\n        <span class=\"wpcf7-form-control-wrap\" data-name=\"country\"><input size=\"40\" maxlength=\"400\" class=\"wpcf7-form-control wpcf7-text wpcf7-validates-as-required\" autocomplete=\"country-name\" aria-required=\"true\" aria-invalid=\"false\" value=\"\" type=\"text\" name=\"country\"><\/span> <\/label>\n<\/fieldset>\n\n<fieldset>\n    <legend>D&#039;Information Sur L&#039;Emploi<\/legend>\n    <label> Nom De L&#039;Employeur\n        <span class=\"wpcf7-form-control-wrap\" data-name=\"employer-name\"><input size=\"40\" maxlength=\"400\" class=\"wpcf7-form-control wpcf7-text wpcf7-validates-as-required\" aria-required=\"true\" aria-invalid=\"false\" value=\"\" type=\"text\" name=\"employer-name\"><\/span> <\/label>\n    <label> Titre De L&#039;Emploi\n        <span class=\"wpcf7-form-control-wrap\" data-name=\"job-title\"><input size=\"40\" maxlength=\"400\" class=\"wpcf7-form-control wpcf7-text wpcf7-validates-as-required\" aria-required=\"true\" aria-invalid=\"false\" value=\"\" type=\"text\" name=\"job-title\"><\/span> <\/label>\n    <label> L&#039;Employeur Adresse De La Rue\n        <span class=\"wpcf7-form-control-wrap\" data-name=\"employer-street-address\"><input size=\"40\" maxlength=\"400\" class=\"wpcf7-form-control wpcf7-text wpcf7-validates-as-required\" autocomplete=\"street-address\" aria-required=\"true\" aria-invalid=\"false\" value=\"\" type=\"text\" name=\"employer-street-address\"><\/span> <\/label>\n    <label> Employeur De La Ville\n        <span class=\"wpcf7-form-control-wrap\" data-name=\"employer-city\"><input size=\"40\" maxlength=\"400\" class=\"wpcf7-form-control wpcf7-text wpcf7-validates-as-required\" autocomplete=\"address-level2\" aria-required=\"true\" aria-invalid=\"false\" value=\"\" type=\"text\" name=\"employer-city\"><\/span> <\/label>\n    <label> Employeur Etat\/La Province\n        <span class=\"wpcf7-form-control-wrap\" data-name=\"employer-state\"><input size=\"40\" maxlength=\"400\" class=\"wpcf7-form-control wpcf7-text wpcf7-validates-as-required\" autocomplete=\"address-level1\" aria-required=\"true\" aria-invalid=\"false\" value=\"\" type=\"text\" name=\"employer-state\"><\/span> <\/label>\n    <label> Employeur Zip\/Postal Code\n        <span class=\"wpcf7-form-control-wrap\" data-name=\"employer-zip\"><input size=\"40\" maxlength=\"400\" class=\"wpcf7-form-control wpcf7-text wpcf7-validates-as-required\" autocomplete=\"postal-code\" aria-required=\"true\" aria-invalid=\"false\" value=\"\" type=\"text\" name=\"employer-zip\"><\/span> <\/label>\n    <label> Employeur Du Pays\n        <span class=\"wpcf7-form-control-wrap\" data-name=\"employer-country\"><input size=\"40\" maxlength=\"400\" class=\"wpcf7-form-control wpcf7-text wpcf7-validates-as-required\" autocomplete=\"country-name\" aria-required=\"true\" aria-invalid=\"false\" value=\"\" type=\"text\" name=\"employer-country\"><\/span> <\/label>\n    <label> Num\u00e9ro De T\u00e9l\u00e9phone Au Travail\n        <span class=\"wpcf7-form-control-wrap\" data-name=\"work-phone\"><input size=\"40\" maxlength=\"400\" class=\"wpcf7-form-control wpcf7-tel wpcf7-validates-as-required wpcf7-text wpcf7-validates-as-tel\" autocomplete=\"tel\" aria-required=\"true\" aria-invalid=\"false\" value=\"\" type=\"tel\" name=\"work-phone\"><\/span> <\/label>\n    <label> La dur\u00e9e de l&#039;Emploi (Ann\u00e9es\/Mois)\n        <span class=\"wpcf7-form-control-wrap\" data-name=\"employment-length\"><input size=\"40\" maxlength=\"400\" class=\"wpcf7-form-control wpcf7-text wpcf7-validates-as-required\" aria-required=\"true\" aria-invalid=\"false\" value=\"\" type=\"text\" name=\"employment-length\"><\/span> <\/label>\n    <label> Revenu Brut Mensuel\n        <span class=\"wpcf7-form-control-wrap\" data-name=\"gross-income\"><input size=\"40\" maxlength=\"400\" class=\"wpcf7-form-control wpcf7-text wpcf7-validates-as-required\" aria-required=\"true\" aria-invalid=\"false\" value=\"\" type=\"text\" name=\"gross-income\"><\/span> <\/label>\n<\/fieldset>\n\n<fieldset>\n    <legend>L&#039;Information Financi\u00e8re<\/legend>\n    <label> De Logement Mensuels De Paiement (Loyer\/Hypoth\u00e8que)\n        <span class=\"wpcf7-form-control-wrap\" data-name=\"housing-payment\"><input size=\"40\" maxlength=\"400\" class=\"wpcf7-form-control wpcf7-text wpcf7-validates-as-required\" aria-required=\"true\" aria-invalid=\"false\" value=\"\" type=\"text\" name=\"housing-payment\"><\/span> <\/label>\n    <label> D&#039;autres Obligations Mensuelles (p. ex., les pr\u00eats, les cartes de cr\u00e9dit)\n        <span class=\"wpcf7-form-control-wrap\" data-name=\"other-obligations\"><input size=\"40\" maxlength=\"400\" class=\"wpcf7-form-control wpcf7-text wpcf7-validates-as-required\" aria-required=\"true\" aria-invalid=\"false\" value=\"\" type=\"text\" name=\"other-obligations\"><\/span> <\/label>\n<\/fieldset>\n\n<fieldset>\n    <legend>Renseignements Sur Le V\u00e9hicule<\/legend>\n    <label> V\u00e9hicule Souhait\u00e9 Faire De\n        <span class=\"wpcf7-form-control-wrap\" data-name=\"vehicle-make\"><input size=\"40\" maxlength=\"400\" class=\"wpcf7-form-control wpcf7-text wpcf7-validates-as-required\" aria-required=\"true\" aria-invalid=\"false\" value=\"\" type=\"text\" name=\"vehicle-make\"><\/span> <\/label>\n    <label> Mod\u00e8le De V\u00e9hicule D\u00e9sir\u00e9\n        <span class=\"wpcf7-form-control-wrap\" data-name=\"vehicle-model\"><input size=\"40\" maxlength=\"400\" class=\"wpcf7-form-control wpcf7-text wpcf7-validates-as-required\" aria-required=\"true\" aria-invalid=\"false\" value=\"\" type=\"text\" name=\"vehicle-model\"><\/span> <\/label>\n    <label> V\u00e9hicule Souhait\u00e9 Ann\u00e9e\n        <span class=\"wpcf7-form-control-wrap\" data-name=\"vehicle-year\"><input size=\"40\" maxlength=\"400\" class=\"wpcf7-form-control wpcf7-text wpcf7-validates-as-required\" aria-required=\"true\" aria-invalid=\"false\" value=\"\" type=\"text\" name=\"vehicle-year\"><\/span> <\/label>\n    <label> V\u00e9hicule d&#039;\u00e9change (le cas \u00e9ch\u00e9ant): Faire\n        <span class=\"wpcf7-form-control-wrap\" data-name=\"tradein-make\"><input size=\"40\" maxlength=\"400\" class=\"wpcf7-form-control wpcf7-text\" aria-invalid=\"false\" value=\"\" type=\"text\" name=\"tradein-make\"><\/span> <\/label>\n    <label> Mod\u00e8le\n        <span class=\"wpcf7-form-control-wrap\" data-name=\"tradein-model\"><input size=\"40\" maxlength=\"400\" class=\"wpcf7-form-control wpcf7-text\" aria-invalid=\"false\" value=\"\" type=\"text\" name=\"tradein-model\"><\/span> <\/label>\n    <label> Ann\u00e9e\n        <span class=\"wpcf7-form-control-wrap\" data-name=\"tradein-year\"><input size=\"40\" maxlength=\"400\" class=\"wpcf7-form-control wpcf7-text\" aria-invalid=\"false\" value=\"\" type=\"text\" name=\"tradein-year\"><\/span> <\/label>\n    <label> VIN\n        <span class=\"wpcf7-form-control-wrap\" data-name=\"tradein-vin\"><input size=\"40\" maxlength=\"400\" class=\"wpcf7-form-control wpcf7-text\" aria-invalid=\"false\" value=\"\" type=\"text\" name=\"tradein-vin\"><\/span> <\/label>\n<\/fieldset>\n\n<fieldset>\n    <legend>Le consentement et la Signature<\/legend>\n    <label> Termes et Conditions\n        <span class=\"wpcf7-form-control-wrap\" data-name=\"terms\"><span class=\"wpcf7-form-control wpcf7-checkbox wpcf7-validates-as-required\"><span class=\"wpcf7-list-item first last\"><input type=\"checkbox\" name=\"terms[]\" value=\"I agree to the Terms and Conditions\"><span class=\"wpcf7-list-item-label\">J&#039;accepte les Termes et Conditions<\/span><\/span><\/span><\/span> <\/label>\n    <label> La Signature \u00c9lectronique\n        <span class=\"wpcf7-form-control-wrap\" data-name=\"signature\"><input size=\"40\" maxlength=\"400\" class=\"wpcf7-form-control wpcf7-text wpcf7-validates-as-required\" aria-required=\"true\" aria-invalid=\"false\" value=\"\" type=\"text\" name=\"signature\"><\/span> <\/label>\n    <label> Date\n        <span class=\"wpcf7-form-control-wrap\" data-name=\"signature-date\"><input class=\"wpcf7-form-control wpcf7-date wpcf7-validates-as-required wpcf7-validates-as-date\" aria-required=\"true\" aria-invalid=\"false\" value=\"\" type=\"date\" name=\"signature-date\"><\/span> <\/label>\n<\/fieldset>\n\n<fieldset>\n    <legend>Des Informations Compl\u00e9mentaires (Facultatif)<\/legend>\n    <label> Commentaires\/Questions\n        <span class=\"wpcf7-form-control-wrap\" data-name=\"comments\"><textarea cols=\"40\" rows=\"10\" maxlength=\"2000\" class=\"wpcf7-form-control wpcf7-textarea\" aria-invalid=\"false\" name=\"comments\"><\/textarea><\/span> <\/label>\n<\/fieldset>\n\n<input class=\"wpcf7-form-control wpcf7-submit has-spinner\" type=\"submit\" value=\"Soumettre\"><div class=\"wpcf7-response-output\" aria-hidden=\"true\"><\/div>\n<input type=\"hidden\" name=\"trp-form-language\" value=\"fr\"\/><\/form>\n<\/div>\n<\/div>\n\t\t\t\t\t\t<\/div>\n\t\t\t\t<\/div>\n\t\t\t\t\t<\/div>\n\t\t<\/div>\n\t\t\t\t<div class=\"elementor-column elementor-col-16 elementor-top-column elementor-element elementor-element-ea9ad87\" data-id=\"ea9ad87\" data-element_type=\"column\" data-e-type=\"column\">\n\t\t\t<div class=\"elementor-widget-wrap\">\n\t\t\t\t\t\t\t<\/div>\n\t\t<\/div>\n\t\t\t\t\t<\/div>\n\t\t<\/section>\n\t\t\t\t<\/div>\n\t\t<\/body>","protected":false},"excerpt":{"rendered":"<p>formulaire de demande de cr\u00e9dit<\/p>","protected":false},"author":1,"featured_media":0,"parent":0,"menu_order":0,"comment_status":"closed","ping_status":"closed","template":"elementor_header_footer","meta":{"content-type":"","om_disable_all_campaigns":false,"footnotes":""},"class_list":["post-92788","page","type-page","status-publish","hentry"],"jetpack_sharing_enabled":true,"_links":{"self":[{"href":"https:\/\/autodestination.ca\/fr\/wp-json\/wp\/v2\/pages\/92788","targetHints":{"allow":["GET"]}}],"collection":[{"href":"https:\/\/autodestination.ca\/fr\/wp-json\/wp\/v2\/pages"}],"about":[{"href":"https:\/\/autodestination.ca\/fr\/wp-json\/wp\/v2\/types\/page"}],"author":[{"embeddable":true,"href":"https:\/\/autodestination.ca\/fr\/wp-json\/wp\/v2\/users\/1"}],"replies":[{"embeddable":true,"href":"https:\/\/autodestination.ca\/fr\/wp-json\/wp\/v2\/comments?post=92788"}],"version-history":[{"count":7,"href":"https:\/\/autodestination.ca\/fr\/wp-json\/wp\/v2\/pages\/92788\/revisions"}],"predecessor-version":[{"id":92796,"href":"https:\/\/autodestination.ca\/fr\/wp-json\/wp\/v2\/pages\/92788\/revisions\/92796"}],"wp:attachment":[{"href":"https:\/\/autodestination.ca\/fr\/wp-json\/wp\/v2\/media?parent=92788"}],"curies":[{"name":"wp","href":"https:\/\/api.w.org\/{rel}","templated":true}]}}