{"id":92844,"date":"2024-06-12T02:33:31","date_gmt":"2024-06-12T02:33:31","guid":{"rendered":"https:\/\/autodestination.ca\/?page_id=92844"},"modified":"2024-06-12T02:35:16","modified_gmt":"2024-06-12T02:35:16","slug":"sell-your-car","status":"publish","type":"page","link":"https:\/\/autodestination.ca\/fr\/sell-your-car\/","title":{"rendered":"Vendre votre voiture"},"content":{"rendered":"<body>\t\t<div data-elementor-type=\"wp-page\" data-elementor-id=\"92844\" class=\"elementor elementor-92844\">\n\t\t\t\t\t\t<section class=\"elementor-section elementor-top-section elementor-element elementor-element-ae0c2f2 elementor-section-boxed elementor-section-height-default elementor-section-height-default\" data-id=\"ae0c2f2\" data-element_type=\"section\" data-e-type=\"section\">\n\t\t\t\t\t\t<div class=\"elementor-container elementor-column-gap-default\">\n\t\t\t\t\t<div class=\"elementor-column elementor-col-16 elementor-top-column elementor-element elementor-element-bc1ff41\" data-id=\"bc1ff41\" data-element_type=\"column\" data-e-type=\"column\">\n\t\t\t<div class=\"elementor-widget-wrap\">\n\t\t\t\t\t\t\t<\/div>\n\t\t<\/div>\n\t\t\t\t<div class=\"elementor-column elementor-col-66 elementor-top-column elementor-element elementor-element-ccf03f4\" data-id=\"ccf03f4\" data-element_type=\"column\" data-e-type=\"column\">\n\t\t\t<div class=\"elementor-widget-wrap elementor-element-populated\">\n\t\t\t\t\t\t<div class=\"elementor-element elementor-element-ccfea6a elementor-widget elementor-widget-motors-sell-your-car\" data-id=\"ccfea6a\" data-element_type=\"widget\" data-e-type=\"widget\" data-widget_type=\"motors-sell-your-car.default\">\n\t\t\t\t<div class=\"elementor-widget-container\">\n\t\t\t\t\t\n\t<!-- Load image on load preventing lags-->\n\n\t\t<div class=\"stm-sell-a-car-form stm-sell-a-car-form-69ec044c57e8c\" data-form-id=\"69ec044c57e8c\">\n\t\t<div class=\"form-navigation\">\n\t\t\t<div class=\"row\">\n\t\t\t\t<div class=\"col-md-4 col-sm-4\">\n\t\t\t\t\t<a href=\"#step-one\" class=\"form-navigation-unit active\" data-tab=\"step-one\">\n\t\t\t\t\t\t<div class=\"number heading-font\">1.<\/div>\n\t\t\t\t\t\t<div class=\"title heading-font\">Car Information<\/div>\n\t\t\t\t\t\t<div class=\"sub-title\">Add your vehicle details<\/div>\n\t\t\t\t\t<\/a>\n\t\t\t\t<\/div>\n\t\t\t\t<div class=\"col-md-4 col-sm-4\">\n\t\t\t\t\t<a href=\"#step-two\" class=\"form-navigation-unit\" data-tab=\"step-two\">\n\t\t\t\t\t\t<div class=\"number heading-font\">2.<\/div>\n\t\t\t\t\t\t<div class=\"title heading-font\">Vehicle Condition<\/div>\n\t\t\t\t\t\t<div class=\"sub-title\">Add your vehicle details<\/div>\n\t\t\t\t\t<\/a>\n\t\t\t\t<\/div>\n\t\t\t\t<div class=\"col-md-4 col-sm-4\">\n\t\t\t\t\t<a href=\"#step-three\" class=\"form-navigation-unit\" data-tab=\"step-three\">\n\t\t\t\t\t\t<div class=\"number heading-font\">3.<\/div>\n\t\t\t\t\t\t<div class=\"title heading-font\">Contact details<\/div>\n\t\t\t\t\t\t<div class=\"sub-title\">Your contact details<\/div>\n\t\t\t\t\t<\/a>\n\t\t\t\t<\/div>\n\t\t\t<\/div>\n\t\t<\/div>\n\t\t<div class=\"form-content\">\n\t\t\t<form method=\"POST\" action=\"\" id=\"trade-in-default\" enctype=\"multipart\/form-data\" data-trp-original-action=\"\">\n\t\t\t\t<!-- STEP ONE -->\n\t\t\t\t<div class=\"form-content-unit active\" id=\"step-one\">\n\t\t\t\t\t<input type=\"hidden\" name=\"_wpnonce\" value=\"12cac643bb\">\n\t\t\t\t\t<input type=\"hidden\" name=\"sell_a_car\" value=\"filled\">\n\t\t\t\t\t\t\t\t\t\t<div class=\"row\">\n\t\t\t\t\t\t<div class=\"col-md-4 col-sm-4\">\n\t\t\t\t\t\t\t<div class=\"form-group\">\n\t\t\t\t\t\t\t\t<div class=\"contact-us-label\">Faire<\/div>\n\t\t\t\t\t\t\t\t<input type=\"text\" value=\"\" name=\"make\" data-need=\"true\" required>\n\t\t\t\t\t\t\t<\/div>\n\t\t\t\t\t\t<\/div>\n\t\t\t\t\t\t<div class=\"col-md-4 col-sm-4\">\n\t\t\t\t\t\t\t<div class=\"form-group\">\n\t\t\t\t\t\t\t\t<div class=\"contact-us-label\">Mod\u00e8le<\/div>\n\t\t\t\t\t\t\t\t<input type=\"text\" value=\"\" name=\"model\" data-need=\"true\" required>\n\t\t\t\t\t\t\t<\/div>\n\t\t\t\t\t\t<\/div>\n\t\t\t\t\t\t<div class=\"col-md-4 col-sm-4\">\n\t\t\t\t\t\t\t<div class=\"form-group\">\n\t\t\t\t\t\t\t\t<div class=\"contact-us-label\">Ann\u00e9e<\/div>\n\t\t\t\t\t\t\t\t<input type=\"text\" value=\"\" name=\"stm_year\">\n\t\t\t\t\t\t\t<\/div>\n\t\t\t\t\t\t<\/div>\n\t\t\t\t\t\t<div class=\"col-md-4 col-sm-4\">\n\t\t\t\t\t\t\t<div class=\"form-group\">\n\t\t\t\t\t\t\t\t<div class=\"contact-us-label\">La Transmission<\/div>\n\t\t\t\t\t\t\t\t<input type=\"text\" value=\"\" name=\"transmission\">\n\t\t\t\t\t\t\t<\/div>\n\t\t\t\t\t\t<\/div>\n\t\t\t\t\t\t<div class=\"col-md-4 col-sm-4\">\n\t\t\t\t\t\t\t<div class=\"form-group\">\n\t\t\t\t\t\t\t\t<div class=\"contact-us-label\">\n\t\t\t\t\t\t\t\t\tKilom\u00e9trage\t\t\t\t\t\t\t\t<\/div>\n\t\t\t\t\t\t\t\t<input type=\"text\" value=\"\" name=\"mileage\">\n\t\t\t\t\t\t\t<\/div>\n\t\t\t\t\t\t<\/div>\n\t\t\t\t\t\t<div class=\"col-md-4 col-sm-4\">\n\t\t\t\t\t\t\t<div class=\"form-group\">\n\t\t\t\t\t\t\t\t<div class=\"contact-us-label\">VIN<\/div>\n\t\t\t\t\t\t\t\t<input type=\"text\" value=\"\" name=\"vin\">\n\t\t\t\t\t\t\t<\/div>\n\t\t\t\t\t\t<\/div>\n\t\t\t\t\t<\/div>\n\n\t\t\t\t\t<div class=\"row\">\n\t\t\t\t\t\t<div class=\"col-md-12 col-sm-12\">\n\t\t\t\t\t\t\t\t\t\t\t\t\t\t<div class=\"form-upload-files\">\n\t\t\t\t\t\t\t\t<div class=\"clearfix\">\n\t\t\t\t\t\t\t\t\t<div class=\"stm-unit-photos\">\n\t\t\t\t\t\t\t\t\t\t<h5 class=\"stm-label-type-2\">Upload your car Photos<\/h5>\n\t\t\t\t\t\t\t\t\t\t<div class=\"upload-photos\">\n\t\t\t\t\t\t\t\t\t\t\t<div class=\"stm-pseudo-file-input\" data-placeholder=\"Choose file...\">\n\t\t\t\t\t\t\t\t\t\t\t\t<div class=\"stm-filename\">Choose file...<\/div>\n\t\t\t\t\t\t\t\t\t\t\t\t<div class=\"stm-plus\"><\/div>\n\t\t\t\t\t\t\t\t\t\t\t\t<input class=\"stm-file-realfield\" type=\"file\" name=\"gallery_images_0\">\n\t\t\t\t\t\t\t\t\t\t\t<\/div>\n\t\t\t\t\t\t\t\t\t\t<\/div>\n\t\t\t\t\t\t\t\t\t<\/div>\n\t\t\t\t\t\t\t\t\t<div class=\"stm-unit-url\">\n\t\t\t\t\t\t\t\t\t\t<h5 class=\"stm-label-type-2\">\n\t\t\t\t\t\t\t\t\t\t\tProvide a hosted video url of your car\t\t\t\t\t\t\t\t\t\t<\/h5>\n\t\t\t\t\t\t\t\t\t\t<input type=\"text\" value=\"\" name=\"video_url\">\n\t\t\t\t\t\t\t\t\t<\/div>\n\t\t\t\t\t\t\t\t<\/div>\n\t\t\t\t\t\t\t<\/div>\n\t\t\t\t\t\t\t<img data-recalc-dims=\"1\" decoding=\"async\" src=\"https:\/\/i0.wp.com\/autodestination.ca\/wp-content\/themes\/motors-child\/assets\/images\/radio.png?ssl=1\" style=\"opacity:0; width:0; height:0;\" loading=\"lazy\">\n\n\t\t\t\t\t\t<\/div>\n\t\t\t\t\t<\/div>\n\n\t\t\t\t\t<div class=\"row\">\n\t\t\t\t\t\t<div class=\"col-md-4 col-sm-4\">\n\t\t\t\t\t\t\t<div class=\"form-group\">\n\t\t\t\t\t\t\t\t<div class=\"contact-us-label\">Exterior color<\/div>\n\t\t\t\t\t\t\t\t<input type=\"text\" value=\"\" name=\"exterior_color\">\n\t\t\t\t\t\t\t<\/div>\n\t\t\t\t\t\t<\/div>\n\t\t\t\t\t\t<div class=\"col-md-4 col-sm-4\">\n\t\t\t\t\t\t\t<div class=\"form-group\">\n\t\t\t\t\t\t\t\t<div class=\"contact-us-label\">Interior color<\/div>\n\t\t\t\t\t\t\t\t<input type=\"text\" value=\"\" name=\"interior_color\">\n\t\t\t\t\t\t\t<\/div>\n\t\t\t\t\t\t<\/div>\n\t\t\t\t\t\t<div class=\"col-md-4 col-sm-4\">\n\t\t\t\t\t\t\t<div class=\"form-group\">\n\t\t\t\t\t\t\t\t<div class=\"contact-us-label\">Owner<\/div>\n\t\t\t\t\t\t\t\t<input type=\"text\" value=\"\" name=\"owner\">\n\t\t\t\t\t\t\t<\/div>\n\t\t\t\t\t\t<\/div>\n\t\t\t\t\t<\/div>\n\n\t\t\t\t\t<a href=\"#\" class=\"button sell-a-car-proceed\" data-step=\"2\">\n\t\t\t\t\t\tSave and continue\t\t\t\t\t<\/a>\n\t\t\t\t<\/div>\n\n\t\t\t\t<!-- STEP TWO -->\n\t\t\t\t<div class=\"form-content-unit\" id=\"step-two\">\n\t\t\t\t\t<div class=\"vehicle-condition\">\n\t\t\t\t\t\t<div class=\"vehicle-condition-unit\">\n\t\t\t\t\t\t\t<div class=\"icon\"><i class=\"stm-icon-car-relic\"><\/i><\/div>\n\t\t\t\t\t\t\t<div class=\"title h5\">What is the Exterior Condition?<\/div>\n\t\t\t\t\t\t\t<label>\n\t\t\t\t\t\t\t\t<input type=\"radio\" name=\"exterior_condition\" value=\"Extra clean\" checked>\n\t\t\t\t\t\t\t\tExtra clean\t\t\t\t\t\t\t<\/label>\n\t\t\t\t\t\t\t<label>\n\t\t\t\t\t\t\t\t<input type=\"radio\" name=\"exterior_condition\" value=\"Clean\">\n\t\t\t\t\t\t\t\tClean\t\t\t\t\t\t\t<\/label>\n\t\t\t\t\t\t\t<label>\n\t\t\t\t\t\t\t\t<input type=\"radio\" name=\"exterior_condition\" value=\"Average\">\n\t\t\t\t\t\t\t\tAverage\t\t\t\t\t\t\t<\/label>\n\t\t\t\t\t\t\t<label>\n\t\t\t\t\t\t\t\t<input type=\"radio\" name=\"exterior_condition\" value=\"Below Average\">\n\t\t\t\t\t\t\t\tBelow Average\t\t\t\t\t\t\t<\/label>\n\t\t\t\t\t\t\t<label>\n\t\t\t\t\t\t\t\t<input type=\"radio\" name=\"exterior_condition\" value=\"I don't know\">\n\t\t\t\t\t\t\t\tI don't know\t\t\t\t\t\t\t<\/label>\n\t\t\t\t\t\t<\/div>\n\t\t\t\t\t\t<div class=\"vehicle-condition-unit\">\n\t\t\t\t\t\t\t<div class=\"icon buoy\"><i class=\"stm-icon-buoy\"><\/i><\/div>\n\t\t\t\t\t\t\t<div class=\"title h5\">What is the Interior Condition?<\/div>\n\t\t\t\t\t\t\t<label>\n\t\t\t\t\t\t\t\t<input type=\"radio\" name=\"interior_condition\" value=\"Extra clean\" checked>\n\t\t\t\t\t\t\t\tExtra clean\t\t\t\t\t\t\t<\/label>\n\t\t\t\t\t\t\t<label>\n\t\t\t\t\t\t\t\t<input type=\"radio\" name=\"interior_condition\" value=\"Clean\">\n\t\t\t\t\t\t\t\tClean\t\t\t\t\t\t\t<\/label>\n\t\t\t\t\t\t\t<label>\n\t\t\t\t\t\t\t\t<input type=\"radio\" name=\"interior_condition\" value=\"Average\">\n\t\t\t\t\t\t\t\tAverage\t\t\t\t\t\t\t<\/label>\n\t\t\t\t\t\t\t<label>\n\t\t\t\t\t\t\t\t<input type=\"radio\" name=\"interior_condition\" value=\"Below Average\">\n\t\t\t\t\t\t\t\tBelow Average\t\t\t\t\t\t\t<\/label>\n\t\t\t\t\t\t\t<label>\n\t\t\t\t\t\t\t\t<input type=\"radio\" name=\"interior_condition\" value=\"I don't know\">\n\t\t\t\t\t\t\t\tI don't know\t\t\t\t\t\t\t<\/label>\n\t\t\t\t\t\t<\/div>\n\t\t\t\t\t\t<div class=\"vehicle-condition-unit\">\n\t\t\t\t\t\t\t<div class=\"icon buoy-2\"><i class=\"stm-icon-buoy-2\"><\/i><\/div>\n\t\t\t\t\t\t\t<div class=\"title h5\">Has vehicle been in accident<\/div>\n\t\t\t\t\t\t\t<label>\n\t\t\t\t\t\t\t\t<input type=\"radio\" name=\"accident\" value=\"Yes\">\n\t\t\t\t\t\t\t\tYes\t\t\t\t\t\t\t<\/label>\n\t\t\t\t\t\t\t<label>\n\t\t\t\t\t\t\t\t<input type=\"radio\" name=\"accident\" value=\"No\" checked>\n\t\t\t\t\t\t\t\tNo\t\t\t\t\t\t\t<\/label>\n\t\t\t\t\t\t\t<label>\n\t\t\t\t\t\t\t\t<input type=\"radio\" name=\"accident\" value=\"I don't know\">\n\t\t\t\t\t\t\t\tI don't know\t\t\t\t\t\t\t<\/label>\n\t\t\t\t\t\t<\/div>\n\t\t\t\t\t<\/div>\n\t\t\t\t\t<a href=\"#\" class=\"button sell-a-car-proceed\" data-step=\"3\">\n\t\t\t\t\t\tSave and continue\t\t\t\t\t<\/a>\n\t\t\t\t<\/div>\n\n\t\t\t\t<!-- STEP THREE -->\n\t\t\t\t<div class=\"form-content-unit\" id=\"step-three\">\n\t\t\t\t\t<div class=\"contact-details\">\n\t\t\t\t\t\t\t\t\t\t\t\t<div class=\"row\">\n\t\t\t\t\t\t\t<div class=\"col-md-6 col-sm-6\">\n\t\t\t\t\t\t\t\t<div class=\"form-group\">\n\t\t\t\t\t\t\t\t\t<div class=\"contact-us-label\">First name*<\/div>\n\t\t\t\t\t\t\t\t\t<input type=\"text\" value=\"\" name=\"first_name\">\n\t\t\t\t\t\t\t\t<\/div>\n\t\t\t\t\t\t\t<\/div>\n\t\t\t\t\t\t\t<div class=\"col-md-6 col-sm-6\">\n\t\t\t\t\t\t\t\t<div class=\"form-group\">\n\t\t\t\t\t\t\t\t\t<div class=\"contact-us-label\">Last name*<\/div>\n\t\t\t\t\t\t\t\t\t<input type=\"text\" value=\"\" name=\"last_name\">\n\t\t\t\t\t\t\t\t<\/div>\n\t\t\t\t\t\t\t<\/div>\n\t\t\t\t\t\t\t<div class=\"col-md-6 col-sm-6\">\n\t\t\t\t\t\t\t\t<div class=\"form-group\">\n\t\t\t\t\t\t\t\t\t<div class=\"contact-us-label\">Email Address*\n\t\t\t\t\t\t\t\t\t<\/div>\n\t\t\t\t\t\t\t\t\t<input type=\"text\" value=\"\" name=\"email\">\n\t\t\t\t\t\t\t\t<\/div>\n\t\t\t\t\t\t\t<\/div>\n\t\t\t\t\t\t\t<div class=\"col-md-6 col-sm-6\">\n\t\t\t\t\t\t\t\t<div class=\"form-group\">\n\t\t\t\t\t\t\t\t\t<div class=\"contact-us-label\">Phone number*\n\t\t\t\t\t\t\t\t\t<\/div>\n\t\t\t\t\t\t\t\t\t<input type=\"text\" value=\"\" name=\"phone\">\n\t\t\t\t\t\t\t\t<\/div>\n\t\t\t\t\t\t\t<\/div>\n\t\t\t\t\t\t\t<div class=\"col-md-12 col-sm-12\">\n\t\t\t\t\t\t\t\t<div class=\"form-group\">\n\t\t\t\t\t\t\t\t\t<div class=\"contact-us-label\">Comments<\/div>\n\t\t\t\t\t\t\t\t\t<textarea name=\"comments\"><\/textarea>\n\t\t\t\t\t\t\t\t<\/div>\n\t\t\t\t\t\t\t<\/div>\n\t\t\t\t\t\t<\/div>\n\t\t\t\t\t<\/div>\n\t\t\t\t\t<div class=\"clearfix\">\n\t\t\t\t\t\t<div class=\"pull-left\">\n\t\t\t\t\t\t\t\t\t\t\t\t\t\t<input type=\"submit\" value=\"Save and finish\">\n\t\t\t\t\t\t\t\t\t\t\t\t\t<\/div>\n\t\t\t\t\t\t<div class=\"disclaimer\">\n\t\t\t\t\t\t\tBy submitting this form, you will be requesting trade-in value at no obligation and will be contacted within 48 hours by a sales representative.\t\t\t\t\t\t<\/div>\n\t\t\t\t\t<\/div>\n\t\t\t\t<\/div>\n\t\t\t<input type=\"hidden\" name=\"trp-form-language\" value=\"fr\"\/><\/form>\n\t\t<\/div>\n\t<\/div>\n\n\n\t\n\t\n\t\t\t\t\t<\/div>\n\t\t\t\t<\/div>\n\t\t\t\t\t<\/div>\n\t\t<\/div>\n\t\t\t\t<div class=\"elementor-column elementor-col-16 elementor-top-column elementor-element elementor-element-41a1107\" data-id=\"41a1107\" data-element_type=\"column\" data-e-type=\"column\">\n\t\t\t<div class=\"elementor-widget-wrap\">\n\t\t\t\t\t\t\t<\/div>\n\t\t<\/div>\n\t\t\t\t\t<\/div>\n\t\t<\/section>\n\t\t\t\t<\/div>\n\t\t<\/body>","protected":false},"excerpt":{"rendered":"<p>1. Informations de la voiture Ajoutez les d\u00e9tails de votre voiture 2. Condition du v\u00e9hicule Ajoutez les d\u00e9tails de votre voiture 3. Coordonn\u00e9es du contact Vos coordonn\u00e9es de contact Marque Mod\u00e8le Ann\u00e9e Transmission Kilom\u00e9trage VIN T\u00e9l\u00e9chargez les photos de votre voiture Choisissez un fichier&#8230; Fournissez l&#8217;url d&#8217;accueil de vid\u00e9o de votre voiture Couleur ext\u00e9rieure Couleur&#8230;<\/p>","protected":false},"author":1,"featured_media":0,"parent":0,"menu_order":0,"comment_status":"closed","ping_status":"closed","template":"elementor_header_footer","meta":{"content-type":"","om_disable_all_campaigns":false,"footnotes":""},"class_list":["post-92844","page","type-page","status-publish","hentry"],"jetpack_sharing_enabled":true,"_links":{"self":[{"href":"https:\/\/autodestination.ca\/fr\/wp-json\/wp\/v2\/pages\/92844","targetHints":{"allow":["GET"]}}],"collection":[{"href":"https:\/\/autodestination.ca\/fr\/wp-json\/wp\/v2\/pages"}],"about":[{"href":"https:\/\/autodestination.ca\/fr\/wp-json\/wp\/v2\/types\/page"}],"author":[{"embeddable":true,"href":"https:\/\/autodestination.ca\/fr\/wp-json\/wp\/v2\/users\/1"}],"replies":[{"embeddable":true,"href":"https:\/\/autodestination.ca\/fr\/wp-json\/wp\/v2\/comments?post=92844"}],"version-history":[{"count":4,"href":"https:\/\/autodestination.ca\/fr\/wp-json\/wp\/v2\/pages\/92844\/revisions"}],"predecessor-version":[{"id":92849,"href":"https:\/\/autodestination.ca\/fr\/wp-json\/wp\/v2\/pages\/92844\/revisions\/92849"}],"wp:attachment":[{"href":"https:\/\/autodestination.ca\/fr\/wp-json\/wp\/v2\/media?parent=92844"}],"curies":[{"name":"wp","href":"https:\/\/api.w.org\/{rel}","templated":true}]}}